{"id":137,"date":"2019-01-02T07:52:24","date_gmt":"2019-01-02T06:52:24","guid":{"rendered":"http:\/\/192.168.178.60\/wordpress\/?page_id=137"},"modified":"2019-02-12T08:10:10","modified_gmt":"2019-02-12T07:10:10","slug":"ueber-uns","status":"publish","type":"page","link":"https:\/\/www.gs-plan.com\/","title":{"rendered":"Home"},"content":{"rendered":"\n<div style=\"background-color:#006ab3;text-align:center; border-top: 0.1vw solid black; margin: -30px\">\n<h2><p style=\"background-color:#006ab3;color:#ffffff;text-align:center; font-weight:400\" class=\"has-text-color has-background\">ZUSAMMEN ANS ZIEL\n\n<hr style=\"border: 0px #006ab3; width:60px; height:0.3vw; color:#ffffff; background-Color: #ffffff; margin: -30px auto\">\n<\/p><\/h2>\n\n<h4><p style=\"background-color:#006ab3;color:#ffffff;text-align:center\" class=\"has-text-color has-background\">Sie sind auf der Suche nach einem zuverl\u00e4ssigen Partner<br>f\u00fcr die Planung von technischer Geb\u00e4udeausr\u00fcstung?<br><br>Sch\u00f6n, dass Sie uns gefunden haben!<\/p><\/h4>\n<\/div>\n\n\n\n<p><br>Unser Ingenieurb\u00fcro besteht seit \u00fcber 30 Jahren mit Firmensitz in Otterberg. <\/p>\n\n\n\n<p>Gegen\u00fcber unserer Umwelt und Gesellschaft f\u00fchlen wir uns verantwortlich. Aus dieser Verantwortung heraus, bieten wir Ihnen Einzel- und Gesamtplanung von technischer Geb\u00e4udeausstattung, die m\u00f6glichst auf nat\u00fcrliche und umweltschonende, sowie energieeffiziente Ressourcen zur\u00fcckgreift.<\/p>\n\n\n\n<p>Die kollegiale und interdisziplin\u00e4re Zusammenarbeit mit allen Fachdisziplinen und der offenen Diskussion in unserem Planungsteam ist unsere Basis f\u00fcr die Entwicklung zukunftsorientierter und individueller L\u00f6sungen f\u00fcr Ihre Bauaufgabe.<br><\/p>\n\n\n\n<p>Der Schwerpunkt unsere <a href=\"https:\/\/www.gs-plan.com\/?page_id=146\">Leistungserbringung<\/a> liegt in der Abwicklung gr\u00f6\u00dferer Projekte. Unsere Auftraggeber sind, bis auf wenige Ausnahmen, \u00f6ffentliche Einrichtungen wie, Caritative Organisationen, Kliniken, Kreisverwaltungen, Landesbaubetriebe (LBB), Sparkassen, Stadtverwaltungen, Verbandsgemeinden, Technische Werke, Universit\u00e4ten, Fachhochschulen und der Bezirksverband Pfalz.<\/p>\n\n\n\n<p>Bei der Umsetzung von Planungsauftr\u00e4ge verfolgen wir die Eckpfeiler unserer Firmenphilosophie, wie<\/p>\n\n\n\n<ul><li>pers\u00f6nlicher Einsatz<\/li><li>kurze Dienstwege<\/li><li>gemeinsame Kommunikation<\/li><li>verbindliche Zusagen<\/li><li>Termintreue<\/li><\/ul>\n\n\n\n<p>Unsere Auftraggeber und Partner kennen uns ausnahmslos als loyal, korrekt und erfolgsorientiert.<\/p>\n","protected":false},"excerpt":{"rendered":"<p>ZUSAMMEN ANS ZIEL Sie sind auf der Suche nach einem zuverl\u00e4ssigen Partnerf\u00fcr die Planung von technischer Geb\u00e4udeausr\u00fcstung? Sch\u00f6n, dass Sie uns gefunden haben! Unser Ingenieurb\u00fcro besteht seit \u00fcber 30 Jahren mit Firmensitz in Otterberg. Gegen\u00fcber &#8230; <a title=\"Home\" class=\"read-more\" href=\"https:\/\/www.gs-plan.com\/\" aria-label=\"Mehr Informationen \u00fcber Home\">Weiterlesen&#8230;<\/a><\/p>\n","protected":false},"author":1,"featured_media":0,"parent":0,"menu_order":0,"comment_status":"closed","ping_status":"closed","template":"","meta":[],"_links":{"self":[{"href":"https:\/\/www.gs-plan.com\/index.php?rest_route=\/wp\/v2\/pages\/137"}],"collection":[{"href":"https:\/\/www.gs-plan.com\/index.php?rest_route=\/wp\/v2\/pages"}],"about":[{"href":"https:\/\/www.gs-plan.com\/index.php?rest_route=\/wp\/v2\/types\/page"}],"author":[{"embeddable":true,"href":"https:\/\/www.gs-plan.com\/index.php?rest_route=\/wp\/v2\/users\/1"}],"replies":[{"embeddable":true,"href":"https:\/\/www.gs-plan.com\/index.php?rest_route=%2Fwp%2Fv2%2Fcomments&post=137"}],"version-history":[{"count":4,"href":"https:\/\/www.gs-plan.com\/index.php?rest_route=\/wp\/v2\/pages\/137\/revisions"}],"predecessor-version":[{"id":493,"href":"https:\/\/www.gs-plan.com\/index.php?rest_route=\/wp\/v2\/pages\/137\/revisions\/493"}],"wp:attachment":[{"href":"https:\/\/www.gs-plan.com\/index.php?rest_route=%2Fwp%2Fv2%2Fmedia&parent=137"}],"curies":[{"name":"wp","href":"https:\/\/api.w.org\/{rel}","templated":true}]}}