{"id":146,"date":"2019-01-02T08:29:50","date_gmt":"2019-01-02T07:29:50","guid":{"rendered":"http:\/\/192.168.178.60\/wordpress\/?page_id=146"},"modified":"2019-02-03T15:16:24","modified_gmt":"2019-02-03T14:16:24","slug":"leistungen","status":"publish","type":"page","link":"https:\/\/www.gs-plan.com\/?page_id=146","title":{"rendered":"Leistungen"},"content":{"rendered":"\n<div style=\"background-color:#006ab3;text-align:center; border-top: 0.1vw solid black; margin: -30px\">\n<h2><p style=\"background-color:#006ab3;color:#ffffff;text-align:center; font-weight:400\" class=\"has-text-color has-background\">WAS WIR F\u00dcR SIE TUN K\u00d6NNEN\n\n<hr style=\"border: 0px #006ab3; width:60px; height:0.3vw; color:#ffffff; background-Color: #ffffff; margin: -30px auto\">\n<\/p><\/h2>\n\n<h4><p style=\"background-color:#006ab3;color:#ffffff;text-align:center\" class=\"has-text-color has-background\">Das gemeinsame Ziel immer vor Augen,<br>freuen wir uns, Ihr Bauprojekt f\u00fcr Sie und mit Ihnen abzuwickeln.<\/p><\/h4>\n<\/div>\n\n\n\n<p><br>Mit unserem Team erbringen wir Fachplanungen f\u00fcr Technische Geb\u00e4udeausr\u00fcstung im Anwendungsbereich der HOAI \u00a753 f\u00fcr folgenden Anlagengruppen:<\/p>\n\n\n\n<ol><li>Abwasser-, Wasser-und Gasanlagen,<\/li><li>W\u00e4rmeversorgungsanlagen<\/li><li>Lufttechnische Anlagen<\/li><li>Starkstromanlagen<\/li><li>Fernmelde- und informationstechnische Anlagen,<\/li><li>F\u00f6rderanlagen,<\/li><li>nutzungsspezifische Anlagen und verfahrenstechnische Anlagen<\/li><li>Geb\u00e4udeautomation und Automation von Ingenieurbauwerken.<\/li><\/ol>\n\n\n\n<p>F\u00fcr die \u201eTechnische Geb\u00e4udeausr\u00fcstung\u201c erbringen wir Grundleistungen und besondere Leistungen gem\u00e4\u00df HOAI \u00a755 f\u00fcr Neuanlagen, Wiederaufbauten, Erweiterungsbauten, Umbauten, Modernisierungen, Instandhaltungen und Instandsetzungen in den neun Leistungsphasen: <\/p>\n\n\n\n<ol><li>Leistungsphase &#8211; Grundlagenermittlung<\/li><li>Leistungsphase &#8211; Vorplanung<\/li><li>Leistungsphase &#8211; Entwurfsplanung<\/li><li>Leistungsphase &#8211; Genehmigungsplanung<\/li><li>Leistungsphase &#8211; Ausf\u00fchrungsplanung<\/li><li>Leistungsphase &#8211; Vorbereitung der Vergabe<\/li><li>Leistungsphase &#8211; Mitwirkung bei der Vergabe<\/li><li>Leistungsphase &#8211; Objekt\u00fcberwachung &#8211; Bau\u00fcberwachung<\/li><li>Leistungsphase &#8211; Objektbetreuung<\/li><\/ol>\n\n\n\n<p>Die Leistungen werden komplett durch unser B\u00fcro erbracht und mit unserem Planungsteam abgewickelt.<\/p>\n","protected":false},"excerpt":{"rendered":"<p>WAS WIR F\u00dcR SIE TUN K\u00d6NNEN Das gemeinsame Ziel immer vor Augen,freuen wir uns, Ihr Bauprojekt f\u00fcr Sie und mit Ihnen abzuwickeln. Mit unserem Team erbringen wir Fachplanungen f\u00fcr Technische Geb\u00e4udeausr\u00fcstung im Anwendungsbereich der HOAI &#8230; <a title=\"Leistungen\" class=\"read-more\" href=\"https:\/\/www.gs-plan.com\/?page_id=146\" aria-label=\"Mehr Informationen \u00fcber Leistungen\">Weiterlesen&#8230;<\/a><\/p>\n","protected":false},"author":1,"featured_media":0,"parent":0,"menu_order":0,"comment_status":"closed","ping_status":"closed","template":"","meta":[],"_links":{"self":[{"href":"https:\/\/www.gs-plan.com\/index.php?rest_route=\/wp\/v2\/pages\/146"}],"collection":[{"href":"https:\/\/www.gs-plan.com\/index.php?rest_route=\/wp\/v2\/pages"}],"about":[{"href":"https:\/\/www.gs-plan.com\/index.php?rest_route=\/wp\/v2\/types\/page"}],"author":[{"embeddable":true,"href":"https:\/\/www.gs-plan.com\/index.php?rest_route=\/wp\/v2\/users\/1"}],"replies":[{"embeddable":true,"href":"https:\/\/www.gs-plan.com\/index.php?rest_route=%2Fwp%2Fv2%2Fcomments&post=146"}],"version-history":[{"count":1,"href":"https:\/\/www.gs-plan.com\/index.php?rest_route=\/wp\/v2\/pages\/146\/revisions"}],"predecessor-version":[{"id":466,"href":"https:\/\/www.gs-plan.com\/index.php?rest_route=\/wp\/v2\/pages\/146\/revisions\/466"}],"wp:attachment":[{"href":"https:\/\/www.gs-plan.com\/index.php?rest_route=%2Fwp%2Fv2%2Fmedia&parent=146"}],"curies":[{"name":"wp","href":"https:\/\/api.w.org\/{rel}","templated":true}]}}