{"id":184,"date":"2019-01-02T09:46:05","date_gmt":"2019-01-02T08:46:05","guid":{"rendered":"http:\/\/ids716.gs-plan.net\/wordpress\/?page_id=184"},"modified":"2019-02-02T09:44:02","modified_gmt":"2019-02-02T08:44:02","slug":"datenschutzerklaerung","status":"publish","type":"page","link":"https:\/\/www.gs-plan.com\/?page_id=184","title":{"rendered":"Datenschutzerkl\u00e4rung"},"content":{"rendered":"\n<div style=\"background-color:#006ab3;text-align:center; border-top: 0.1vw solid black; margin: -30px\">\n<h2><p style=\"background-color:#006ab3;color:#ffffff;text-align:center; font-weight:400\" class=\"has-text-color has-background\">DATENSCHUTZERKL\u00c4RUNG\n\n<hr style=\"border: 0px #006ab3; width:60px; height:0.3vw; color:#ffffff; background-Color: #ffffff; margin: -30px auto\">\n<\/p><\/h2>\n\n<h4><p style=\"background-color:#006ab3;color:#ffffff;text-align:center\" class=\"has-text-color has-background\"><\/p><\/h4>\n<\/div>\n\n\n\n<p style=\"text-align:right\">Stand: Mai 2018<\/p>\n\n\n\n<p><strong>Geltungsbereich<\/strong><br>Diese Datenschutzerkl\u00e4rung soll die Nutzer dieser Website gem\u00e4\u00df Bundesdatenschutzgesetz, Datenschutzgrundverordnung und Telemediengesetz \u00fcber die Art, den Umfang und den Zweck der Erhebung und Verwendung personenbezogener Daten durch den Websitebetreiber<\/p>\n\n\n\n<p><strong>gs-plan<\/strong>&nbsp;Ingenieurges. mbH<br>f\u00fcr Gesamtplanung Haustechnik<br><br>vertr. d. d. Gesch\u00e4ftsf\u00fchrer Alexander Br\u00f6del<br><br>Am Sonnenhang 23<br>67697 Otterberg<br><br>Tel.: 06301 \/ 7117-0<br>Fax: 06301 \/ 7117-20<br>Email: <a href=\"mailto:info@gs-plan.com\">info@gs-plan.com<\/a><br><br>informieren.<\/p>\n\n\n\n<p>Der Websitebetreiber nimmt Ihren Datenschutz sehr ernst und behandelt Ihre personenbezogenen Daten vertraulich und entsprechend der gesetzlichen Vorschriften.<br>Die Nutzung unserer Seite ist ohne eine Angabe von personenbezogenen Daten m\u00f6glich. F\u00fcr die Nutzung einzelner Services unserer Seite k\u00f6nnen sich hierf\u00fcr abweichende Regelungen ergeben, die in diesem Falle nachstehend gesondert erl\u00e4utert werden.<\/p>\n\n\n\n<p>Bedenken Sie, dass die Daten\u00fcbertragung im Internet grunds\u00e4tzlich mit Sicherheitsl\u00fccken bedacht sein kann. Ein vollumf\u00e4nglicher Schutz vor dem Zugriff durch Fremde ist nicht realisierbar.<br><\/p>\n\n\n\n<p><strong>Zugriffsdaten<\/strong><br>Der Websitebetreiber bzw. Seitenprovider erhebt Daten \u00fcber Zugriffe auf die Seite und speichert diese als \u201eServer-Logfiles\u201c ab. Folgende Daten werden so protokolliert:<br><br>&#8211; Besuchte Website<br>&#8211; Uhrzeit zum Zeitpunkt des Zugriffes<br>&#8211; Menge der gesendeten Daten in Byte<br>&#8211; Quelle\/Verweis, von welchem Sie auf die Seite gelangten<br>&#8211; Verwendeter Browser<br>&#8211; Verwendetes Betriebssystem<br>&#8211; Verwendete IP-Adresse<\/p>\n\n\n\n<p>Diese erhobenen anonymen Daten dienen lediglich statistischen Auswertungen und zur Verbesserung der Website. Diese Daten werden gew\u00f6hnlich nach 7 Tagen gel\u00f6scht. Der Websitebetreiber beh\u00e4lt sich allerdings vor, die Server-Logfiles nachtr\u00e4glich zu \u00fcberpr\u00fcfen, sollten konkrete Anhaltspunkte auf eine rechtswidrige Nutzung hinweisen.<br><\/p>\n\n\n\n<p><strong>Cookies<\/strong><br>Diese Website verwendet Cookies. Dabei handelt es sich um kleine Textdateien, welche auf Ihrem Endger\u00e4t gespeichert werden. Ihr Browser greift auf diese Dateien zu. Durch den Einsatz von Cookies erh\u00f6ht sich die Benutzerfreundlichkeit und Sicherheit dieser Website.<br>G\u00e4ngige Browser bieten die Einstellungsoption, Cookies nicht zuzulassen.<\/p>\n\n\n\n<p>Hinweis: Es ist nicht gew\u00e4hrleistet, dass Sie auf alle Funktionen dieser Website ohne Einschr\u00e4nkungen zugreifen k\u00f6nnen, wenn Sie entsprechende Einstellungen vornehmen.<br><\/p>\n\n\n\n<p><strong>Kontakt per E-Mail<\/strong><br>Nehmen Sie mit dem Websitebetreiber durch die angebotenen Kontaktm\u00f6glichkeiten auf dieser Website (E-Mail) Verbindung auf, werden Ihre Angaben gespeichert, damit auf diese zur Bearbeitung und Beantwortung Ihrer Anfrage (Art. 6 Abs. 1 b DS-GVO) zur\u00fcckgegriffen werden kann. Ohne Ihre Einwilligung werden diese Daten nicht an Dritte weitergegeben, au\u00dfer wenn f\u00fcr die Weitergabe eine gesetzliche Verpflichtung besteht oder gesetzlich f\u00fcr die Abwicklung von Vertragsverh\u00e4ltnissen mit Ihnen zul\u00e4ssig ist.<br><\/p>\n\n\n\n<p><strong>Referenzkunden<\/strong><br>Ihre Daten als Kunde werden auf der Seite \u201eReferenzen\u201c des Websitebetreibers nur dann ver\u00f6ffentlicht, sofern der Websitebetreiber zuvor Ihre Einwilligung hierf\u00fcr eingeholt hat.<br><\/p>\n\n\n\n<p><strong>Umgang mit personenbezogenen Daten<\/strong><br>Der Websitebetreiber erhebt, nutzt und gibt Ihre personenbezogenen Daten nur dann weiter, wenn dies im gesetzlichen Rahmen zur Durchf\u00fchrung der Vertragsbeziehung (Art 6 Abs. 1 b DS-GVO) erlaubt ist oder Sie in die Datenerhebung (Art. 6 Abs. 1 a DS-GVO) einwilligen.<br>Als personenbezogene Daten gelten s\u00e4mtliche Informationen, welche dazu dienen, Ihre Person zu bestimmen und welche zu Ihnen zur\u00fcckverfolgt werden k\u00f6nnen \u2013 also beispielsweise Ihr Name, Ihre E-Mail-Adresse und Telefonnummer.<\/p>\n\n\n\n<p>Sofern eine Gesch\u00e4ftsbeziehung mit dem Websitebetreiber zustande kommt, k\u00f6nnen personenbezogene Daten (Namen, Telefonnummern, E-Mail-Adressen) in dem Datenverarbeitungssystem des Websitebetreibers (au\u00dferhalb dieser Website) f\u00fcr Zwecke der projektbezogenen Zusammenarbeit und Kommunikation gespeichert werden.<\/p>\n\n\n\n<p>In diesem Zusammenhang werden Projektbeteiligtenlisten, Baubesprechungsprotokolle, Aktenvermerke, Briefe, E-Mails, etc.&nbsp;erstellt und an die entsprechenden Projektbeteiligten verteilt.<br><\/p>\n\n\n\n<p><strong>Rechte des Dateninhabers<\/strong><br>Sie als Dateninhaber erhalten auf Antrag kostenlose Auskunft dar\u00fcber, welche personenbezogenen Daten \u00fcber Sie gespeichert wurden. Ferner k\u00f6nnen Sie die Berichtigung falscher Daten und die Sperrung oder L\u00f6schung Ihrer personenbezogenen Daten verlangen. Falls zutreffend, k\u00f6nnen Sie auch Ihr Recht auf Datenportabilit\u00e4t geltend machen.<\/p>\n\n\n\n<p>Sie haben das Recht, der Speicherung und Verarbeitung Ihrer Daten zu widersprechen.<\/p>\n\n\n\n<p>Diese Rechte k\u00f6nnen Sie \u00fcber eine formlose Mitteilung an info@gs-plan.com wahrnehmen.<\/p>\n\n\n\n<p>Sollten Sie der Auffassung sein, dass Ihre Daten unrechtm\u00e4\u00dfig gespeichert oder verarbeitet werden, k\u00f6nnen Sie eine Beschwerde bei der zust\u00e4ndigen Aufsichtsbeh\u00f6rde (Der Landesbeauftragte f\u00fcr den Datenschutz und die Informationsfreiheit Rheinland-Pfalz Prof. Dr. Dieter Kugelmann) einreichen.<br><br>iNet:&nbsp;<a href=\"http:\/\/www.datenschutz.rlp.de\/\">http:\/\/www.datenschutz.rlp.de<\/a>&nbsp;<br>Email:&nbsp;<a href=\"mailto:poststelle@datenschutz.rlp.de\">poststelle@datenschutz.rlp.de<\/a><br><\/p>\n\n\n\n<p><strong>L\u00f6schung<\/strong><br>Vom Websitebetreiber gespeicherte Daten werden gel\u00f6scht, soweit sie f\u00fcr ihre Zweckbestimmung (Erf\u00fcllung des Vertrages) nicht mehr ben\u00f6tigt werden, Sie der weiteren Speicherung widersprechen, deren L\u00f6schung oder Sperrung beansprucht haben und keine gesetzlichen Bestimmungen (z.B. Aufbewahrungsfristen) entgegenstehen. Falls eine L\u00f6schung aufgrund gesetzlicher Bestimmungen (z.B. Aufbewahrungspflichten) nicht m\u00f6glich ist, werden die Daten gesperrt und nicht f\u00fcr andere Zwecke verarbeitet.<br><\/p>\n\n\n\n<p><strong>Aktualit\u00e4t und \u00c4nderung dieser Datenschutzerkl\u00e4rung<\/strong><br>Diese Datenschutzerkl\u00e4rung ist aktuell g\u00fcltig und hat den oben angegebenen Stand.<br>Durch die Weiterentwicklung unserer Website und Angebote dar\u00fcber oder aufgrund ge\u00e4nderter gesetzlicher beziehungsweise beh\u00f6rdlicher Vorgaben kann es notwendig werden, diese Datenschutzerkl\u00e4rung zu \u00e4ndern. Die jeweils aktuelle Datenschutzerkl\u00e4rung kann jederzeit auf der Website von Ihnen abgerufen, ausgedruckt und auch&nbsp;<a href=\"https:\/\/www.gs-plan.com\/wp-content\/uploads\/2019\/02\/Datenschutz_gs-plan.pdf\">Datenschutzerkl\u00e4rung im PDF-Format<\/a> abgerufen werden. <\/p>\n\n\n\n<p><\/p>\n","protected":false},"excerpt":{"rendered":"<p>DATENSCHUTZERKL\u00c4RUNG Stand: Mai 2018 GeltungsbereichDiese Datenschutzerkl\u00e4rung soll die Nutzer dieser Website gem\u00e4\u00df Bundesdatenschutzgesetz, Datenschutzgrundverordnung und Telemediengesetz \u00fcber die Art, den Umfang und den Zweck der Erhebung und Verwendung personenbezogener Daten durch den Websitebetreiber gs-plan&nbsp;Ingenieurges. mbHf\u00fcr &#8230; <a title=\"Datenschutzerkl\u00e4rung\" class=\"read-more\" href=\"https:\/\/www.gs-plan.com\/?page_id=184\" aria-label=\"Mehr Informationen \u00fcber Datenschutzerkl\u00e4rung\">Weiterlesen&#8230;<\/a><\/p>\n","protected":false},"author":1,"featured_media":0,"parent":0,"menu_order":0,"comment_status":"closed","ping_status":"closed","template":"","meta":[],"_links":{"self":[{"href":"https:\/\/www.gs-plan.com\/index.php?rest_route=\/wp\/v2\/pages\/184"}],"collection":[{"href":"https:\/\/www.gs-plan.com\/index.php?rest_route=\/wp\/v2\/pages"}],"about":[{"href":"https:\/\/www.gs-plan.com\/index.php?rest_route=\/wp\/v2\/types\/page"}],"author":[{"embeddable":true,"href":"https:\/\/www.gs-plan.com\/index.php?rest_route=\/wp\/v2\/users\/1"}],"replies":[{"embeddable":true,"href":"https:\/\/www.gs-plan.com\/index.php?rest_route=%2Fwp%2Fv2%2Fcomments&post=184"}],"version-history":[{"count":3,"href":"https:\/\/www.gs-plan.com\/index.php?rest_route=\/wp\/v2\/pages\/184\/revisions"}],"predecessor-version":[{"id":446,"href":"https:\/\/www.gs-plan.com\/index.php?rest_route=\/wp\/v2\/pages\/184\/revisions\/446"}],"wp:attachment":[{"href":"https:\/\/www.gs-plan.com\/index.php?rest_route=%2Fwp%2Fv2%2Fmedia&parent=184"}],"curies":[{"name":"wp","href":"https:\/\/api.w.org\/{rel}","templated":true}]}}