{"id":210,"date":"2019-01-02T15:50:02","date_gmt":"2019-01-02T14:50:02","guid":{"rendered":"http:\/\/ids716.gs-plan.net\/wordpress\/?page_id=210"},"modified":"2019-11-09T13:44:52","modified_gmt":"2019-11-09T12:44:52","slug":"ueber-uns-2","status":"publish","type":"page","link":"https:\/\/www.gs-plan.com\/?page_id=210","title":{"rendered":"\u00dcber uns"},"content":{"rendered":"\n<div style=\"background-color:#006ab3;text-align:center; border-top: 0.1vw solid black; margin: -30px\">\n<h2><p style=\"background-color:#006ab3;color:#ffffff;text-align:center; font-weight:400\" class=\"has-text-color has-background\">\u00dcBER UNS\n\n<hr style=\"border: 0px #006ab3; width:60px; height:0.3vw; color:#ffffff; background-Color: #ffffff; margin: -30px auto\">\n<\/p><\/h2>\n\n<h4><p style=\"background-color:#006ab3;color:#ffffff;text-align:center\" class=\"has-text-color has-background\"> Seit 1987 unterst\u00fctzen wir unserer Bauherren<br>mit individuellen, \u00f6kologischen und \u00f6konomischen L\u00f6sungen<br>f\u00fcr die Umsetzung deren Bauprojekte.<\/p><\/h4>\n<\/div>\n\n\n\n<p><br><strong>B\u00fcroinhaber<br><\/strong>Alexander Br\u00f6del B.Eng.<strong><br><\/strong><br>Mitglied der Ingenieurkammer Rheinland-Pfalz<br>Beratender Ingenieur <\/p>\n\n\n\n<p><strong>Gr\u00fcndung<\/strong><br>Unser Ingenieurb\u00fcro &#8222;gs-plan Ingenieurgesellschaft mbH f\u00fcr Gesamtplanung Haustechnik&#8220; wurde 1987 von Dipl. Ing. Helmut Weber mit Firmensitz in Otterberg gegr\u00fcndet. Seit 1989 geh\u00f6rt Herr Alexander Br\u00f6del zu unserem Unternehmen. Im Januar 2015 wurde das B\u00fcro von ihm \u00fcbernommen.  <br><br>Unser B\u00fcro ist in einer Immobilie mit einer B\u00fcrofl\u00e4che von ca. 250 m2 untergebracht.<\/p>\n\n\n\n<p><strong>Unser Team<\/strong><br>Wir besch\u00e4ftigen einen festen Mitarbeiterstamm von 9 Mitarbeiter\/innen. Unsere technischen und kaufm\u00e4nnischen Mitarbeiter\/innen sind engagiert und freuen sich auf jede Herausforderung.<br><\/p>\n","protected":false},"excerpt":{"rendered":"<p>\u00dcBER UNS Seit 1987 unterst\u00fctzen wir unserer Bauherrenmit individuellen, \u00f6kologischen und \u00f6konomischen L\u00f6sungenf\u00fcr die Umsetzung deren Bauprojekte. B\u00fcroinhaberAlexander Br\u00f6del B.Eng.Mitglied der Ingenieurkammer Rheinland-PfalzBeratender Ingenieur Gr\u00fcndungUnser Ingenieurb\u00fcro &#8222;gs-plan Ingenieurgesellschaft mbH f\u00fcr Gesamtplanung Haustechnik&#8220; wurde 1987 von &#8230; <a title=\"\u00dcber uns\" class=\"read-more\" href=\"https:\/\/www.gs-plan.com\/?page_id=210\" aria-label=\"Mehr Informationen \u00fcber \u00dcber uns\">Weiterlesen&#8230;<\/a><\/p>\n","protected":false},"author":1,"featured_media":0,"parent":0,"menu_order":0,"comment_status":"closed","ping_status":"closed","template":"","meta":[],"_links":{"self":[{"href":"https:\/\/www.gs-plan.com\/index.php?rest_route=\/wp\/v2\/pages\/210"}],"collection":[{"href":"https:\/\/www.gs-plan.com\/index.php?rest_route=\/wp\/v2\/pages"}],"about":[{"href":"https:\/\/www.gs-plan.com\/index.php?rest_route=\/wp\/v2\/types\/page"}],"author":[{"embeddable":true,"href":"https:\/\/www.gs-plan.com\/index.php?rest_route=\/wp\/v2\/users\/1"}],"replies":[{"embeddable":true,"href":"https:\/\/www.gs-plan.com\/index.php?rest_route=%2Fwp%2Fv2%2Fcomments&post=210"}],"version-history":[{"count":7,"href":"https:\/\/www.gs-plan.com\/index.php?rest_route=\/wp\/v2\/pages\/210\/revisions"}],"predecessor-version":[{"id":564,"href":"https:\/\/www.gs-plan.com\/index.php?rest_route=\/wp\/v2\/pages\/210\/revisions\/564"}],"wp:attachment":[{"href":"https:\/\/www.gs-plan.com\/index.php?rest_route=%2Fwp%2Fv2%2Fmedia&parent=210"}],"curies":[{"name":"wp","href":"https:\/\/api.w.org\/{rel}","templated":true}]}}